{"id":156,"date":"2017-03-28T19:42:44","date_gmt":"2017-03-28T19:42:44","guid":{"rendered":"http:\/\/cashflow-ev.org\/?page_id=156"},"modified":"2017-03-28T19:49:52","modified_gmt":"2017-03-28T19:49:52","slug":"impressum","status":"publish","type":"page","link":"http:\/\/cashflow-ev.org\/?page_id=156","title":{"rendered":"Impressum"},"content":{"rendered":"<p><strong>Cash Flow e.V.<br \/>\nzu Hd. Tobias Krebs<\/strong><br \/>\nBirsteiner Str. 26<br \/>\n63607 W\u00e4chtersbach<br \/>\n<strong>eMail:<\/strong> info@cashflow-ev.de<br \/>\n<strong>web:<\/strong> www.cashflow-ev.de<\/p>\n<p><strong>Inhaltlich Verantwortlicher gem\u00e4\u00df \u00a7 55 Abs. 2 RStV<\/strong><br \/>\nLinda Muster, 1. Vorsitzende<br \/>\nCornelia Baierlein, 2. Vorsitzende<br \/>\nTobias Krebs, Kassen\/Gesch\u00e4ftsf\u00fchrer<\/p>\n<p><strong>Haftungshinweis<\/strong><br \/>\nTrotz sorgf\u00e4ltiger inhaltlicher Kontrolle \u00fcbernehmen wir keine Haftung f\u00fcr die Inhalte externer Links. F\u00fcr den Inhalt der verlinkten Seiten sind ausschlie\u00dflich deren Betreiber verantwortlich.<\/p>\n","protected":false},"excerpt":{"rendered":"<p>Cash Flow e.V. zu Hd. Tobias Krebs Birsteiner Str. 26 63607 W\u00e4chtersbach eMail: info@cashflow-ev.de web: www.cashflow-ev.de Inhaltlich Verantwortlicher gem\u00e4\u00df \u00a7 55 Abs. 2 RStV Linda Muster, 1. Vorsitzende Cornelia Baierlein, 2. Vorsitzende Tobias Krebs, Kassen\/Gesch\u00e4ftsf\u00fchrer Haftungshinweis Trotz sorgf\u00e4ltiger inhaltlicher Kontrolle \u00fcbernehmen wir keine Haftung f\u00fcr die Inhalte externer Links. F\u00fcr den Inhalt der verlinkten Seiten [&hellip;]<\/p>\n","protected":false},"author":1,"featured_media":0,"parent":0,"menu_order":0,"comment_status":"closed","ping_status":"closed","template":"","meta":{"ngg_post_thumbnail":0,"footnotes":""},"class_list":["post-156","page","type-page","status-publish","hentry"],"_links":{"self":[{"href":"http:\/\/cashflow-ev.org\/index.php?rest_route=\/wp\/v2\/pages\/156","targetHints":{"allow":["GET"]}}],"collection":[{"href":"http:\/\/cashflow-ev.org\/index.php?rest_route=\/wp\/v2\/pages"}],"about":[{"href":"http:\/\/cashflow-ev.org\/index.php?rest_route=\/wp\/v2\/types\/page"}],"author":[{"embeddable":true,"href":"http:\/\/cashflow-ev.org\/index.php?rest_route=\/wp\/v2\/users\/1"}],"replies":[{"embeddable":true,"href":"http:\/\/cashflow-ev.org\/index.php?rest_route=%2Fwp%2Fv2%2Fcomments&post=156"}],"version-history":[{"count":2,"href":"http:\/\/cashflow-ev.org\/index.php?rest_route=\/wp\/v2\/pages\/156\/revisions"}],"predecessor-version":[{"id":158,"href":"http:\/\/cashflow-ev.org\/index.php?rest_route=\/wp\/v2\/pages\/156\/revisions\/158"}],"wp:attachment":[{"href":"http:\/\/cashflow-ev.org\/index.php?rest_route=%2Fwp%2Fv2%2Fmedia&parent=156"}],"curies":[{"name":"wp","href":"https:\/\/api.w.org\/{rel}","templated":true}]}}