{"id":91,"date":"2017-03-28T13:54:09","date_gmt":"2017-03-28T13:54:09","guid":{"rendered":"http:\/\/cashflow-ev.org\/?page_id=91"},"modified":"2017-04-01T20:27:12","modified_gmt":"2017-04-01T20:27:12","slug":"verein","status":"publish","type":"page","link":"http:\/\/cashflow-ev.org\/?page_id=91","title":{"rendered":"Verein"},"content":{"rendered":"<p>F\u00fcr eine Schule wie die Beruflichen Schulen in Gelnhausen ist es in der Form ihrer schulischen Angebote schwierig, Identifikation wie auf einer allgemeinbildenden Schule herzustellen. Nicht, dass es an kreativen Angeboten mangeln w\u00fcrde. Aber die kurze Verweildauer vieler Sch\u00fcler l\u00e4sst manchmal die Schule als reine Durchgangsstation erscheinen. Auch Cash Flow hat mit dieser geringen Identifikation und dem geringen Bekanntheitsgrad zu k\u00e4mpfen. Eine wichtige Aufgabe von uns ist es deshalb, die Bindung zur Schule aufrecht zu erhalten.<\/p>\n<p style=\"text-align: center;\">\n<a href=\"http:\/\/cashflow-ev.org\/wp-content\/uploads\/2017\/03\/Vorstand_2014-e1491078302764.jpg\"><img loading=\"lazy\" decoding=\"async\" src=\"http:\/\/cashflow-ev.org\/wp-content\/uploads\/2017\/03\/Vorstand_2014-e1491078302764-1024x429.jpg\" alt=\"\" width=\"512\" height=\"215\" class=\"aligncenter size-large wp-image-1868\" srcset=\"http:\/\/cashflow-ev.org\/wp-content\/uploads\/2017\/03\/Vorstand_2014-e1491078302764-1024x429.jpg 1024w, http:\/\/cashflow-ev.org\/wp-content\/uploads\/2017\/03\/Vorstand_2014-e1491078302764-300x126.jpg 300w, http:\/\/cashflow-ev.org\/wp-content\/uploads\/2017\/03\/Vorstand_2014-e1491078302764-768x322.jpg 768w\" sizes=\"auto, (max-width: 512px) 100vw, 512px\" \/><\/a>\n<\/p>\n<p>Aber das Interesse, nach der Schulzeit weiter etwas &#8222;f\u00fcr die Schule&#8220; zu tun ist oft nicht vorhanden. Der Sinn wird meisstens nicht erkannt. Es geht aber dabei nicht um die Schule an sich &#8211; sondern um die Sch\u00fcler.<\/p>\n<p><strong>Unsere konkreten Ziele<\/strong><\/p>\n<ul>\n<li>Verst\u00e4rkte Werbung<\/li>\n<li>Interne und externe Imagepflege verbessern, gemessen an der Teilnehmeranzahl bei Mitgliederversammlungen und Beteiligung an Veranstaltungen des Vereins<\/li>\n<li>Verbessertes Angebot von mitgliederorientierte Projekte zur Kontaktpflege und zum Erfahrungsaustausch. Ziel ist es zwei neue Projekte zu verwirklichen, die an der Resonanz\/ Teilnahme der Mitglieder gemessen werden. Die Neujahrsparty und der Vereinsausflug werden als wiederkehrende Veranstaltungen\/Projekte angesehen.<\/li>\n<li>Steigerung unseres bildungspolitischen Engagements z.B. durch Stellungnahmen, durch Kontaktaufnahme mit der Sch\u00fclervertretung der Beruflichen Schulen und Unterst\u00fctzung von bestimmten Aktionen.<\/li>\n<\/ul>\n","protected":false},"excerpt":{"rendered":"<p>F\u00fcr eine Schule wie die Beruflichen Schulen in Gelnhausen ist es in der Form ihrer schulischen Angebote schwierig, Identifikation wie auf einer allgemeinbildenden Schule herzustellen. Nicht, dass es an kreativen Angeboten mangeln w\u00fcrde. Aber die kurze Verweildauer vieler Sch\u00fcler l\u00e4sst manchmal die Schule als reine Durchgangsstation erscheinen. Auch Cash Flow hat mit dieser geringen Identifikation [&hellip;]<\/p>\n","protected":false},"author":1,"featured_media":0,"parent":0,"menu_order":0,"comment_status":"closed","ping_status":"closed","template":"","meta":{"ngg_post_thumbnail":0,"footnotes":""},"class_list":["post-91","page","type-page","status-publish","hentry"],"_links":{"self":[{"href":"http:\/\/cashflow-ev.org\/index.php?rest_route=\/wp\/v2\/pages\/91","targetHints":{"allow":["GET"]}}],"collection":[{"href":"http:\/\/cashflow-ev.org\/index.php?rest_route=\/wp\/v2\/pages"}],"about":[{"href":"http:\/\/cashflow-ev.org\/index.php?rest_route=\/wp\/v2\/types\/page"}],"author":[{"embeddable":true,"href":"http:\/\/cashflow-ev.org\/index.php?rest_route=\/wp\/v2\/users\/1"}],"replies":[{"embeddable":true,"href":"http:\/\/cashflow-ev.org\/index.php?rest_route=%2Fwp%2Fv2%2Fcomments&post=91"}],"version-history":[{"count":5,"href":"http:\/\/cashflow-ev.org\/index.php?rest_route=\/wp\/v2\/pages\/91\/revisions"}],"predecessor-version":[{"id":1870,"href":"http:\/\/cashflow-ev.org\/index.php?rest_route=\/wp\/v2\/pages\/91\/revisions\/1870"}],"wp:attachment":[{"href":"http:\/\/cashflow-ev.org\/index.php?rest_route=%2Fwp%2Fv2%2Fmedia&parent=91"}],"curies":[{"name":"wp","href":"https:\/\/api.w.org\/{rel}","templated":true}]}}